{"id":406,"date":"2016-03-21T07:36:56","date_gmt":"2016-03-21T07:36:56","guid":{"rendered":"http:\/\/okthemes.com\/villenoirdemo\/?page_id=406"},"modified":"2019-01-10T09:40:08","modified_gmt":"2019-01-10T09:40:08","slug":"come-lo-facciamo","status":"publish","type":"page","link":"https:\/\/vinibalestrivalda.com\/it\/come-lo-facciamo\/","title":{"rendered":"Come lo facciamo"},"content":{"rendered":"<div class=\"wpb-content-wrapper\"><p>[vc_row css_animation=&#8221;&#8221; row_type=&#8221;row&#8221; use_row_as_full_screen_section=&#8221;no&#8221; type=&#8221;full_width&#8221; angled_section=&#8221;no&#8221; text_align=&#8221;left&#8221; background_image_as_pattern=&#8221;without_pattern&#8221; css=&#8221;.vc_custom_1547112688712{padding-top: 0px !important;padding-bottom: 0px !important;}&#8221; el_class=&#8221;solo-desktop&#8221; z_index=&#8221;&#8221;][vc_column][rev_slider_vc alias=&#8221;come-lo-facciamo&#8221;][\/vc_column][\/vc_row][vc_row css_animation=&#8221;&#8221; row_type=&#8221;row&#8221; use_row_as_full_screen_section=&#8221;no&#8221; type=&#8221;full_width&#8221; angled_section=&#8221;no&#8221; text_align=&#8221;left&#8221; background_image_as_pattern=&#8221;without_pattern&#8221; css=&#8221;.vc_custom_1547112699465{padding-top: 0px !important;padding-bottom: 0px !important;}&#8221; el_class=&#8221;solo-mobile&#8221; z_index=&#8221;&#8221;][vc_column][vc_single_image image=&#8221;1820&#8243; img_size=&#8221;full&#8221; qode_css_animation=&#8221;&#8221;][\/vc_column][\/vc_row][vc_row css_animation=&#8221;&#8221; row_type=&#8221;row&#8221; use_row_as_full_screen_section=&#8221;no&#8221; type=&#8221;grid&#8221; angled_section=&#8221;no&#8221; text_align=&#8221;left&#8221; background_image_as_pattern=&#8221;without_pattern&#8221; full_width=&#8221;stretch_row&#8221; css=&#8221;.vc_custom_1547113225185{padding-top: 80px !important;padding-bottom: 0px !important;background-position: 0 0 !important;background-repeat: no-repeat !important;}&#8221; el_class=&#8221;gg-force-background-bottom&#8221; z_index=&#8221;&#8221;][vc_column width=&#8221;1\/4&#8243;][\/vc_column][vc_column width=&#8221;1\/2&#8243;][vc_column_text el_class=&#8221;titolo-piccolo&#8221;]<\/p>\n<h1 style=\"text-align: left;\">COME LO FACCIAMO<\/h1>\n<p>[\/vc_column_text][vc_empty_space height=&#8221;35px&#8221;][vc_column_text]Abbiamo detto no alla chimica e coltiviamo i nostri vigneti ed i nostri uliveti secondo i principi della viticoltura biologica; ogni nostra pratica agronomica vuole essere espressione di profondo rispetto per la natura e di armonia con l\u2019ecosistema. Per questo abbiamo intrapreso con entusiasmo anche l\u2019apicoltura e le nostre api felici testimoniano che la tutela della biodiversit\u00e0 \u00e8 doverosa e possibile.[\/vc_column_text][vc_empty_space height=&#8221;35px&#8221;][vc_column_text]Lavoriamo con passione e ci sentiamo fortunati circondati da tanta bellezza: le nostre dolci colline, il bosco rigoglioso, il profilo del castello medievale all\u2019orizzonte, i colori della natura che cambiano all\u2019alternarsi delle stagioni.<br \/>\nLe nostre sono terre da secoli vocate alla coltivazione della vite. Tutti i nostri vigneti sono situati in collina, nel cuore della zona classica di produzione, dove le terre sono ricche e scure, di origine vulcanica. Certo la lavorazione si fa pi\u00f9 faticosa ma qui il clima \u00e8 mite, generoso e l\u2019esposizione a sud consente un giusto accumulo degli zuccheri grazie all\u2019abbondante irradiazione solare.[\/vc_column_text][vc_empty_space height=&#8221;35px&#8221;][vc_column_text]Da sempre crediamo nei nostri vitigni autoctoni e solo ad essi ci dedichiamo, puntando a basse rese per ettaro a tutto vantaggio della qualit\u00e0. Garganega e Trebbiano di Soave la fanno da padrone in cantina, dove vinifichiamo con il massimo rispetto per il nostro terroir.[\/vc_column_text][vc_empty_space height=&#8221;50px&#8221;][vc_accordion active_tab=&#8221;false&#8221; collapsible=&#8221;yes&#8221; style=&#8221;boxed_accordion&#8221;][vc_accordion_tab title=&#8221;Boschi, api e nespole. La nostra ricetta della biodiversit\u00e0.&#8221; title_color=&#8221;#ffffff&#8221; background_color=&#8221;#ff6c2c&#8221;][vc_column_text]<\/p>\n<h3><span style=\"color: #ff6c2c;\">Boschi, api e nespole. La nostra ricetta della biodiversit\u00e0.<\/span><\/h3>\n<p>[\/vc_column_text][vc_empty_space height=&#8221;15px&#8221;][vc_column_text]La nostra filosofia produttiva sta puntando ogni giorno di pi\u00f9 alla sostenibilit\u00e0 ambientale e alla tutela della biodiversit\u00e0.<br \/>\nDal punto di vista agronomico seguiamo i principi dell\u2019agricoltura biologica e abbiamo reso la cantina autonoma dal punto di vista energetico grazie all\u2019energia pulita fornita dai pannelli fotovoltaici.<br \/>\nIl rispetto della biodiversit\u00e0 \u00e8 il fulcro del nostro lavoro e si concretizza nelle nostre scelte quotidiane.<br \/>\nNegli anni 90\u2019, decisamente in controtendenza per l\u2019epoca, Guido aveva gi\u00e0 deciso di non piantare viti su tutta la superficie presente ma di mantenere intatti alcuni ettari di bosco; in esso trovano riparo moltissime specie animali selvatiche ed oggi anche le nostre api vi si rifugiano per fare incetta di propoli e melata.<br \/>\nLaura ha poi dato vita ad un frutteto con variet\u00e0 antiche di frutta ormai in estinzione, tra cui nespoli, giuggioli, melograni, variet\u00e0 rare di meli e peri provenienti dalla pedemontana veneta.<br \/>\nE infine le api, vero chiodo fisso per Laura e Federico.<br \/>\nQuesti meravigliosi e delicatissimi insetti sono fondamentali per la vita sulla terra ma stanno rischiando di scomparire a causa dei pesticidi, soprattutto in zone ad alta densit\u00e0 di monocolture intensive.<br \/>\nAbbiamo creato un apiario aziendale di cui si occupano Laura e Federico con grande passione e periodicamente organizziamo eventi gratuiti dedicati ad api e miele per sensibilizzare sul tema e far conoscere a tutti il mondo dell\u2019alveare. Il nostro miele viene sempre incluso nel percorso di degustazione dei vini aziendali, consentendoci di spiegare a tutti i nostri visitatori quanto sia importante salvare le api.<br \/>\nPer il nostro ultimo progetto, che diventer\u00e0 operativo nel 2019, abbiamo cercato di trasferire nel campo dell\u2019accoglienza la nostra filosofia di sostenibilit\u00e0 ambientale e di amore per la natura.<br \/>\nIl nostro scopo \u00e8 di far capire in modo piacevole ai nostri ospiti come sia giusto e possibile essere sostenibili senza rinunciare alla qualit\u00e0 e alla bellezza.[\/vc_column_text][\/vc_accordion_tab][\/vc_accordion][\/vc_column][vc_column width=&#8221;1\/4&#8243;][\/vc_column][\/vc_row]<\/p>\n<\/div>","protected":false},"excerpt":{"rendered":"<p>[vc_row css_animation=&#8221;&#8221; row_type=&#8221;row&#8221; use_row_as_full_screen_section=&#8221;no&#8221; type=&#8221;full_width&#8221; angled_section=&#8221;no&#8221; text_align=&#8221;left&#8221; background_image_as_pattern=&#8221;without_pattern&#8221; css=&#8221;.vc_custom_1547112688712{padding-top: 0px !important;padding-bottom: 0px !important;}&#8221; el_class=&#8221;solo-desktop&#8221; z_index=&#8221;&#8221;][vc_column][rev_slider_vc alias=&#8221;come-lo-facciamo&#8221;][\/vc_column][\/vc_row][vc_row css_animation=&#8221;&#8221; row_type=&#8221;row&#8221; use_row_as_full_screen_section=&#8221;no&#8221; type=&#8221;full_width&#8221; angled_section=&#8221;no&#8221; text_align=&#8221;left&#8221; background_image_as_pattern=&#8221;without_pattern&#8221; css=&#8221;.vc_custom_1547112699465{padding-top: 0px !important;padding-bottom: 0px !important;}&#8221; el_class=&#8221;solo-mobile&#8221; z_index=&#8221;&#8221;][vc_column][vc_single_image image=&#8221;1820&#8243; img_size=&#8221;full&#8221; qode_css_animation=&#8221;&#8221;][\/vc_column][\/vc_row][vc_row css_animation=&#8221;&#8221; row_type=&#8221;row&#8221; use_row_as_full_screen_section=&#8221;no&#8221; type=&#8221;grid&#8221; angled_section=&#8221;no&#8221; text_align=&#8221;left&#8221; background_image_as_pattern=&#8221;without_pattern&#8221; full_width=&#8221;stretch_row&#8221; css=&#8221;.vc_custom_1547113225185{padding-top: 80px !important;padding-bottom: 0px&#8230;<\/p>\n","protected":false},"author":2,"featured_media":0,"parent":0,"menu_order":3,"comment_status":"closed","ping_status":"closed","template":"full_width.php","meta":{"footnotes":""},"class_list":["post-406","page","type-page","status-publish","hentry"],"yoast_head":"<!-- This site is optimized with the Yoast SEO plugin v26.8 - https:\/\/yoast.com\/product\/yoast-seo-wordpress\/ -->\n<title>Come lo facciamo - Vini Balestri Valda, Soave<\/title>\n<meta name=\"robots\" content=\"index, follow, max-snippet:-1, max-image-preview:large, max-video-preview:-1\" \/>\n<link rel=\"canonical\" href=\"https:\/\/vinibalestrivalda.com\/it\/come-lo-facciamo\/\" \/>\n<meta property=\"og:locale\" content=\"it_IT\" \/>\n<meta property=\"og:type\" content=\"article\" \/>\n<meta property=\"og:title\" content=\"Come lo facciamo - Vini Balestri Valda, Soave\" \/>\n<meta property=\"og:description\" content=\"[vc_row css_animation=&#8221;&#8221; row_type=&#8221;row&#8221; use_row_as_full_screen_section=&#8221;no&#8221; type=&#8221;full_width&#8221; angled_section=&#8221;no&#8221; text_align=&#8221;left&#8221; background_image_as_pattern=&#8221;without_pattern&#8221; css=&#8221;.vc_custom_1547112688712{padding-top: 0px !important;padding-bottom: 0px !important;}&#8221; el_class=&#8221;solo-desktop&#8221; z_index=&#8221;&#8221;][vc_column][rev_slider_vc alias=&#8221;come-lo-facciamo&#8221;][\/vc_column][\/vc_row][vc_row css_animation=&#8221;&#8221; row_type=&#8221;row&#8221; use_row_as_full_screen_section=&#8221;no&#8221; type=&#8221;full_width&#8221; angled_section=&#8221;no&#8221; text_align=&#8221;left&#8221; background_image_as_pattern=&#8221;without_pattern&#8221; css=&#8221;.vc_custom_1547112699465{padding-top: 0px !important;padding-bottom: 0px !important;}&#8221; el_class=&#8221;solo-mobile&#8221; z_index=&#8221;&#8221;][vc_column][vc_single_image image=&#8221;1820&#8243; img_size=&#8221;full&#8221; qode_css_animation=&#8221;&#8221;][\/vc_column][\/vc_row][vc_row css_animation=&#8221;&#8221; row_type=&#8221;row&#8221; use_row_as_full_screen_section=&#8221;no&#8221; type=&#8221;grid&#8221; angled_section=&#8221;no&#8221; text_align=&#8221;left&#8221; background_image_as_pattern=&#8221;without_pattern&#8221; full_width=&#8221;stretch_row&#8221; css=&#8221;.vc_custom_1547113225185{padding-top: 80px !important;padding-bottom: 0px...\" \/>\n<meta property=\"og:url\" content=\"https:\/\/vinibalestrivalda.com\/it\/come-lo-facciamo\/\" \/>\n<meta property=\"og:site_name\" content=\"Vini Balestri Valda, Soave\" \/>\n<meta property=\"article:modified_time\" content=\"2019-01-10T09:40:08+00:00\" \/>\n<meta name=\"twitter:card\" content=\"summary_large_image\" \/>\n<meta name=\"twitter:label1\" content=\"Tempo di lettura stimato\" \/>\n\t<meta name=\"twitter:data1\" content=\"4 minuti\" \/>\n<script type=\"application\/ld+json\" class=\"yoast-schema-graph\">{\"@context\":\"https:\/\/schema.org\",\"@graph\":[{\"@type\":\"WebPage\",\"@id\":\"https:\/\/vinibalestrivalda.com\/it\/come-lo-facciamo\/\",\"url\":\"https:\/\/vinibalestrivalda.com\/it\/come-lo-facciamo\/\",\"name\":\"Come lo facciamo - Vini Balestri Valda, Soave\",\"isPartOf\":{\"@id\":\"https:\/\/vinibalestrivalda.com\/it\/#website\"},\"datePublished\":\"2016-03-21T07:36:56+00:00\",\"dateModified\":\"2019-01-10T09:40:08+00:00\",\"breadcrumb\":{\"@id\":\"https:\/\/vinibalestrivalda.com\/it\/come-lo-facciamo\/#breadcrumb\"},\"inLanguage\":\"it-IT\",\"potentialAction\":[{\"@type\":\"ReadAction\",\"target\":[\"https:\/\/vinibalestrivalda.com\/it\/come-lo-facciamo\/\"]}]},{\"@type\":\"BreadcrumbList\",\"@id\":\"https:\/\/vinibalestrivalda.com\/it\/come-lo-facciamo\/#breadcrumb\",\"itemListElement\":[{\"@type\":\"ListItem\",\"position\":1,\"name\":\"Home\",\"item\":\"https:\/\/vinibalestrivalda.com\/it\/\"},{\"@type\":\"ListItem\",\"position\":2,\"name\":\"Come lo facciamo\"}]},{\"@type\":\"WebSite\",\"@id\":\"https:\/\/vinibalestrivalda.com\/it\/#website\",\"url\":\"https:\/\/vinibalestrivalda.com\/it\/\",\"name\":\"Vini Balestri Valda, Soave\",\"description\":\"\",\"potentialAction\":[{\"@type\":\"SearchAction\",\"target\":{\"@type\":\"EntryPoint\",\"urlTemplate\":\"https:\/\/vinibalestrivalda.com\/it\/?s={search_term_string}\"},\"query-input\":{\"@type\":\"PropertyValueSpecification\",\"valueRequired\":true,\"valueName\":\"search_term_string\"}}],\"inLanguage\":\"it-IT\"}]}<\/script>\n<!-- \/ Yoast SEO plugin. -->","yoast_head_json":{"title":"Come lo facciamo - Vini Balestri Valda, Soave","robots":{"index":"index","follow":"follow","max-snippet":"max-snippet:-1","max-image-preview":"max-image-preview:large","max-video-preview":"max-video-preview:-1"},"canonical":"https:\/\/vinibalestrivalda.com\/it\/come-lo-facciamo\/","og_locale":"it_IT","og_type":"article","og_title":"Come lo facciamo - Vini Balestri Valda, Soave","og_description":"[vc_row css_animation=&#8221;&#8221; row_type=&#8221;row&#8221; use_row_as_full_screen_section=&#8221;no&#8221; type=&#8221;full_width&#8221; angled_section=&#8221;no&#8221; text_align=&#8221;left&#8221; background_image_as_pattern=&#8221;without_pattern&#8221; css=&#8221;.vc_custom_1547112688712{padding-top: 0px !important;padding-bottom: 0px !important;}&#8221; el_class=&#8221;solo-desktop&#8221; z_index=&#8221;&#8221;][vc_column][rev_slider_vc alias=&#8221;come-lo-facciamo&#8221;][\/vc_column][\/vc_row][vc_row css_animation=&#8221;&#8221; row_type=&#8221;row&#8221; use_row_as_full_screen_section=&#8221;no&#8221; type=&#8221;full_width&#8221; angled_section=&#8221;no&#8221; text_align=&#8221;left&#8221; background_image_as_pattern=&#8221;without_pattern&#8221; css=&#8221;.vc_custom_1547112699465{padding-top: 0px !important;padding-bottom: 0px !important;}&#8221; el_class=&#8221;solo-mobile&#8221; z_index=&#8221;&#8221;][vc_column][vc_single_image image=&#8221;1820&#8243; img_size=&#8221;full&#8221; qode_css_animation=&#8221;&#8221;][\/vc_column][\/vc_row][vc_row css_animation=&#8221;&#8221; row_type=&#8221;row&#8221; use_row_as_full_screen_section=&#8221;no&#8221; type=&#8221;grid&#8221; angled_section=&#8221;no&#8221; text_align=&#8221;left&#8221; background_image_as_pattern=&#8221;without_pattern&#8221; full_width=&#8221;stretch_row&#8221; css=&#8221;.vc_custom_1547113225185{padding-top: 80px !important;padding-bottom: 0px...","og_url":"https:\/\/vinibalestrivalda.com\/it\/come-lo-facciamo\/","og_site_name":"Vini Balestri Valda, Soave","article_modified_time":"2019-01-10T09:40:08+00:00","twitter_card":"summary_large_image","twitter_misc":{"Tempo di lettura stimato":"4 minuti"},"schema":{"@context":"https:\/\/schema.org","@graph":[{"@type":"WebPage","@id":"https:\/\/vinibalestrivalda.com\/it\/come-lo-facciamo\/","url":"https:\/\/vinibalestrivalda.com\/it\/come-lo-facciamo\/","name":"Come lo facciamo - Vini Balestri Valda, Soave","isPartOf":{"@id":"https:\/\/vinibalestrivalda.com\/it\/#website"},"datePublished":"2016-03-21T07:36:56+00:00","dateModified":"2019-01-10T09:40:08+00:00","breadcrumb":{"@id":"https:\/\/vinibalestrivalda.com\/it\/come-lo-facciamo\/#breadcrumb"},"inLanguage":"it-IT","potentialAction":[{"@type":"ReadAction","target":["https:\/\/vinibalestrivalda.com\/it\/come-lo-facciamo\/"]}]},{"@type":"BreadcrumbList","@id":"https:\/\/vinibalestrivalda.com\/it\/come-lo-facciamo\/#breadcrumb","itemListElement":[{"@type":"ListItem","position":1,"name":"Home","item":"https:\/\/vinibalestrivalda.com\/it\/"},{"@type":"ListItem","position":2,"name":"Come lo facciamo"}]},{"@type":"WebSite","@id":"https:\/\/vinibalestrivalda.com\/it\/#website","url":"https:\/\/vinibalestrivalda.com\/it\/","name":"Vini Balestri Valda, Soave","description":"","potentialAction":[{"@type":"SearchAction","target":{"@type":"EntryPoint","urlTemplate":"https:\/\/vinibalestrivalda.com\/it\/?s={search_term_string}"},"query-input":{"@type":"PropertyValueSpecification","valueRequired":true,"valueName":"search_term_string"}}],"inLanguage":"it-IT"}]}},"_links":{"self":[{"href":"https:\/\/vinibalestrivalda.com\/it\/wp-json\/wp\/v2\/pages\/406","targetHints":{"allow":["GET"]}}],"collection":[{"href":"https:\/\/vinibalestrivalda.com\/it\/wp-json\/wp\/v2\/pages"}],"about":[{"href":"https:\/\/vinibalestrivalda.com\/it\/wp-json\/wp\/v2\/types\/page"}],"author":[{"embeddable":true,"href":"https:\/\/vinibalestrivalda.com\/it\/wp-json\/wp\/v2\/users\/2"}],"replies":[{"embeddable":true,"href":"https:\/\/vinibalestrivalda.com\/it\/wp-json\/wp\/v2\/comments?post=406"}],"version-history":[{"count":27,"href":"https:\/\/vinibalestrivalda.com\/it\/wp-json\/wp\/v2\/pages\/406\/revisions"}],"predecessor-version":[{"id":2420,"href":"https:\/\/vinibalestrivalda.com\/it\/wp-json\/wp\/v2\/pages\/406\/revisions\/2420"}],"wp:attachment":[{"href":"https:\/\/vinibalestrivalda.com\/it\/wp-json\/wp\/v2\/media?parent=406"}],"curies":[{"name":"wp","href":"https:\/\/api.w.org\/{rel}","templated":true}]}}