{"id":1522,"date":"2018-11-29T16:38:57","date_gmt":"2018-11-29T16:38:57","guid":{"rendered":"http:\/\/vinibalestrivalda.com\/?page_id=1522"},"modified":"2019-01-09T08:46:56","modified_gmt":"2019-01-09T08:46:56","slug":"lunalonga","status":"publish","type":"page","link":"https:\/\/vinibalestrivalda.com\/it\/vini\/lunalonga\/","title":{"rendered":"Lunalonga"},"content":{"rendered":"<div class=\"wpb-content-wrapper\"><p>[vc_row css_animation=&#8221;&#8221; row_type=&#8221;row&#8221; use_row_as_full_screen_section=&#8221;no&#8221; type=&#8221;full_width&#8221; angled_section=&#8221;no&#8221; text_align=&#8221;left&#8221; background_image_as_pattern=&#8221;without_pattern&#8221; full_width=&#8221;stretch_row&#8221; css=&#8221;.vc_custom_1544697217418{padding-top: 150px !important;padding-bottom: 0px !important;background-position: 0 0 !important;background-repeat: no-repeat !important;}&#8221; el_class=&#8221;gg-force-background-bottom&#8221;][vc_column width=&#8221;1\/2&#8243;][vc_single_image image=&#8221;1812&#8243; img_size=&#8221;full&#8221; qode_css_animation=&#8221;&#8221;][\/vc_column][vc_column width=&#8221;1\/2&#8243;][vc_column_text el_class=&#8221;titolo-piccolo&#8221; css=&#8221;.vc_custom_1544630501631{margin-bottom: 0px !important;}&#8221;]<\/p>\n<h1 style=\"text-align: left; margin-top: 0;\"><span style=\"color: #800080;\">Lunalonga<\/span><\/h1>\n<p>[\/vc_column_text][vc_empty_space height=&#8221;30px&#8221;][vc_column_text]<strong>Aspettare seguendo i cicli lunari, per godere, infine,<\/strong><br \/>\n<strong>finezza ed equilibrio senza pari.<\/strong><\/p>\n<p>&nbsp;<\/p>\n<p>Un Soave seducente in cui Garganega e Trebbiano di Soave si bilanciano armoniosamente regalando un vino dal colore caldo, con profumi di pesca noce, albicocca, timo e fiori di sambuco.<br \/>\nSuadente al palato grazie al lungo invecchiamento, chiude con le delicate note di mandorla tipiche della Garganega.[\/vc_column_text][vc_empty_space height=&#8221;30px&#8221;][vc_accordion active_tab=&#8221;false&#8221; collapsible=&#8221;yes&#8221; style=&#8221;boxed_accordion&#8221;][vc_accordion_tab title=&#8221;La luna e il contadino&#8221; title_color=&#8221;#ffffff&#8221; background_color=&#8221;#feb826&#8243;][vc_column_text]Il nome Lunalonga deriva dall\u2019unione di luna (il corpo celeste) e longa (lunga in dialetto veneto).<br \/>\nCon esso abbiamo voluto omaggiare la saggezza contadina trasmessaci dai nostri nonni in cui erano fondamentali il rispetto delle fasi lunari in agricoltura e dei tempi naturali del vino in cantina.<\/p>\n<p>&nbsp;<\/p>\n<p>La parola italiana luna deriva dall\u2019indo-europeo louksna, ovvero luce riflessa; il medesimo significato hanno selene nel greco antico e chandra nel sanscrito.<br \/>\nPer indicare la luna le lingue germaniche preferiscono invece utilizzare un\u2019altra radice indo-europea, me(n)ses, che significa mese.<\/p>\n<p>&nbsp;<\/p>\n<p>Formatasi circa 4,3 miliardi di anni fa, la luna \u00e8 l\u2019unico satellite naturale che orbita intorno alla terra nonch\u00e8 il corpo celeste ad essa pi\u00f9 vicino.<br \/>\nAppare quindi logico che la sua influenza sull\u2019agricoltura sia sempre stata un punto cardine delle culture pi\u00f9 antiche, che hanno adeguato ad essa i cicli di semina e raccolto.<br \/>\nQuesta forma di saggezza \u00e8 poi arrivata fino a noi attraverso le tradizioni popolari tramandatasi di padre in figlio ed \u00e8 oggi ancora viva nelle zone pi\u00f9 legate alla cultura contadina.<\/p>\n<p>&nbsp;<\/p>\n<p>Le sue fasi, che durano nel complesso 29 giorni, si distinguono in:<\/p>\n<p>&nbsp;<\/p>\n<p>LUNA NUOVA<br \/>\nQuando la luna vista dalla terra si trova esattamente tra la terra e il sole la faccia rivolta verso di noi \u00e8 completamente buia.<\/p>\n<p>&nbsp;<\/p>\n<p>LUNA CRESCENTE<br \/>\nPoche ore dopo il novilunio la luna torna visibile come sottile falce aperta verso sinistra; la fase tra luna nuova e piena dura circa 14 giorni e si definisce luna crescente.<\/p>\n<p>&nbsp;<\/p>\n<p>LUNA PIENA<br \/>\nOra la luna ha compiuto met\u00e0 del suo viaggio e splende al massimo della sua luminosit\u00e0 in cielo.<\/p>\n<p>&nbsp;<\/p>\n<p>LUNA CALANTE<br \/>\nSubito dopo il plenilunio la luna ricomincia lentamente il suo cammino; questa fase dura circa 14 giorni e arriva fino alla successiva luna nuova.[\/vc_column_text][\/vc_accordion_tab][\/vc_accordion][vc_empty_space height=&#8221;20px&#8221;][vc_accordion active_tab=&#8221;false&#8221; collapsible=&#8221;yes&#8221; style=&#8221;boxed_accordion&#8221;][vc_accordion_tab title=&#8221;Vini e vulcani&#8221; title_color=&#8221;#ffffff&#8221; background_color=&#8221;#5b3b79&#8243;][vc_column_text]I vigneti Balestri Valda si collocano all\u2019interno di un grande bacino vulcano-tettonico delimitato a ovest dalla linea di Castelvero e a est dalla linea Schio-Vicenza.<\/p>\n<p>&nbsp;<\/p>\n<p><strong>Esiste una relazione tra suoli composti da basalti e la ricchezza gustativa e l\u2019equilibrio che si riscontrano nei vini che da essi provengono.<\/strong><\/p>\n<p>&nbsp;<\/p>\n<p>I basalti sono rocce vulcaniche che si sono formate per cicli successivi di eruzioni che si sono protratti per tre cicli geologici, tutti in ambiente sottomarino. Le eruzioni hanno dato origine a prodotti vulcanoclastici di diversa colorazione dal grigio, al giallo, al rossiccio, in relazione all\u2019ambiente di formazione e al grado di ossidazione. L\u2019azione degli agenti esogeni ha poi agito in modo differenziale sui diversi substrati vulcanici, contribuendo a rimodellare il paesaggio e a portarlo alle sue forme attuali.<\/p>\n<p>&nbsp;<\/p>\n<p>I basalti poveri in silicio e ricchi in magnesio e ferro, tendono ad assorbire tra l\u201985% e il 99% dei fosfati aggiunti a queste rocce. Di conseguenza eventuali fertilizzazioni periodiche vanno ridotte notevolmente a livello di frequenza, anche in virt\u00f9 delle forti capacit\u00e0 drenanti di queste rocce.<\/p>\n<p>&nbsp;<\/p>\n<p><strong>Ma nei nostri suoli non c\u2019\u00e8 solo il basalto; il sasso nero si mescola infatti con il calcare bianco creando una miscela di minerali da cui la vigna sa trarre beneficio.<\/strong><\/p>\n<p>&nbsp;<\/p>\n<p>I calcari sono ci\u00f2 che resta di antichi fondali sottomarini; questi sedimenti ricchi in carbonato di calico, depositandosi sul fondo del mare, hanno intrappolato animali e conchiglie che oggi ancora possiamo riconoscere in fossili dalle forme pi\u00f9 curiose e varie.[\/vc_column_text][\/vc_accordion_tab][\/vc_accordion][\/vc_column][\/vc_row]<\/p>\n<\/div>","protected":false},"excerpt":{"rendered":"<p>[vc_row css_animation=&#8221;&#8221; row_type=&#8221;row&#8221; use_row_as_full_screen_section=&#8221;no&#8221; type=&#8221;full_width&#8221; angled_section=&#8221;no&#8221; text_align=&#8221;left&#8221; background_image_as_pattern=&#8221;without_pattern&#8221; full_width=&#8221;stretch_row&#8221; css=&#8221;.vc_custom_1544697217418{padding-top: 150px !important;padding-bottom: 0px !important;background-position: 0 0 !important;background-repeat: no-repeat !important;}&#8221; el_class=&#8221;gg-force-background-bottom&#8221;][vc_column width=&#8221;1\/2&#8243;][vc_single_image image=&#8221;1812&#8243; img_size=&#8221;full&#8221; qode_css_animation=&#8221;&#8221;][\/vc_column][vc_column width=&#8221;1\/2&#8243;][vc_column_text el_class=&#8221;titolo-piccolo&#8221; css=&#8221;.vc_custom_1544630501631{margin-bottom: 0px !important;}&#8221;] Lunalonga [\/vc_column_text][vc_empty_space height=&#8221;30px&#8221;][vc_column_text]Aspettare seguendo i cicli lunari, per godere, infine, finezza ed equilibrio senza pari. &nbsp;&#8230;<\/p>\n","protected":false},"author":2,"featured_media":0,"parent":2393,"menu_order":0,"comment_status":"closed","ping_status":"closed","template":"","meta":{"footnotes":""},"class_list":["post-1522","page","type-page","status-publish","hentry"],"yoast_head":"<!-- This site is optimized with the Yoast SEO plugin v26.8 - https:\/\/yoast.com\/product\/yoast-seo-wordpress\/ -->\n<title>Lunalonga - Vini Balestri Valda, Soave<\/title>\n<meta name=\"robots\" content=\"index, follow, max-snippet:-1, max-image-preview:large, max-video-preview:-1\" \/>\n<link rel=\"canonical\" href=\"https:\/\/vinibalestrivalda.com\/it\/vini\/lunalonga\/\" \/>\n<meta property=\"og:locale\" content=\"it_IT\" \/>\n<meta property=\"og:type\" content=\"article\" \/>\n<meta property=\"og:title\" content=\"Lunalonga - Vini Balestri Valda, Soave\" \/>\n<meta property=\"og:description\" content=\"[vc_row css_animation=&#8221;&#8221; row_type=&#8221;row&#8221; use_row_as_full_screen_section=&#8221;no&#8221; type=&#8221;full_width&#8221; angled_section=&#8221;no&#8221; text_align=&#8221;left&#8221; background_image_as_pattern=&#8221;without_pattern&#8221; full_width=&#8221;stretch_row&#8221; css=&#8221;.vc_custom_1544697217418{padding-top: 150px !important;padding-bottom: 0px !important;background-position: 0 0 !important;background-repeat: no-repeat !important;}&#8221; el_class=&#8221;gg-force-background-bottom&#8221;][vc_column width=&#8221;1\/2&#8243;][vc_single_image image=&#8221;1812&#8243; img_size=&#8221;full&#8221; qode_css_animation=&#8221;&#8221;][\/vc_column][vc_column width=&#8221;1\/2&#8243;][vc_column_text el_class=&#8221;titolo-piccolo&#8221; css=&#8221;.vc_custom_1544630501631{margin-bottom: 0px !important;}&#8221;] Lunalonga [\/vc_column_text][vc_empty_space height=&#8221;30px&#8221;][vc_column_text]Aspettare seguendo i cicli lunari, per godere, infine, finezza ed equilibrio senza pari. &nbsp;...\" \/>\n<meta property=\"og:url\" content=\"https:\/\/vinibalestrivalda.com\/it\/vini\/lunalonga\/\" \/>\n<meta property=\"og:site_name\" content=\"Vini Balestri Valda, Soave\" \/>\n<meta property=\"article:modified_time\" content=\"2019-01-09T08:46:56+00:00\" \/>\n<meta name=\"twitter:card\" content=\"summary_large_image\" \/>\n<meta name=\"twitter:label1\" content=\"Tempo di lettura stimato\" \/>\n\t<meta name=\"twitter:data1\" content=\"4 minuti\" \/>\n<script type=\"application\/ld+json\" class=\"yoast-schema-graph\">{\"@context\":\"https:\/\/schema.org\",\"@graph\":[{\"@type\":\"WebPage\",\"@id\":\"https:\/\/vinibalestrivalda.com\/it\/vini\/lunalonga\/\",\"url\":\"https:\/\/vinibalestrivalda.com\/it\/vini\/lunalonga\/\",\"name\":\"Lunalonga - Vini Balestri Valda, Soave\",\"isPartOf\":{\"@id\":\"https:\/\/vinibalestrivalda.com\/it\/#website\"},\"datePublished\":\"2018-11-29T16:38:57+00:00\",\"dateModified\":\"2019-01-09T08:46:56+00:00\",\"breadcrumb\":{\"@id\":\"https:\/\/vinibalestrivalda.com\/it\/vini\/lunalonga\/#breadcrumb\"},\"inLanguage\":\"it-IT\",\"potentialAction\":[{\"@type\":\"ReadAction\",\"target\":[\"https:\/\/vinibalestrivalda.com\/it\/vini\/lunalonga\/\"]}]},{\"@type\":\"BreadcrumbList\",\"@id\":\"https:\/\/vinibalestrivalda.com\/it\/vini\/lunalonga\/#breadcrumb\",\"itemListElement\":[{\"@type\":\"ListItem\",\"position\":1,\"name\":\"Home\",\"item\":\"https:\/\/vinibalestrivalda.com\/it\/\"},{\"@type\":\"ListItem\",\"position\":2,\"name\":\"Vini\",\"item\":\"https:\/\/vinibalestrivalda.com\/it\/vini\/\"},{\"@type\":\"ListItem\",\"position\":3,\"name\":\"Lunalonga\"}]},{\"@type\":\"WebSite\",\"@id\":\"https:\/\/vinibalestrivalda.com\/it\/#website\",\"url\":\"https:\/\/vinibalestrivalda.com\/it\/\",\"name\":\"Vini Balestri Valda, Soave\",\"description\":\"\",\"potentialAction\":[{\"@type\":\"SearchAction\",\"target\":{\"@type\":\"EntryPoint\",\"urlTemplate\":\"https:\/\/vinibalestrivalda.com\/it\/?s={search_term_string}\"},\"query-input\":{\"@type\":\"PropertyValueSpecification\",\"valueRequired\":true,\"valueName\":\"search_term_string\"}}],\"inLanguage\":\"it-IT\"}]}<\/script>\n<!-- \/ Yoast SEO plugin. -->","yoast_head_json":{"title":"Lunalonga - Vini Balestri Valda, Soave","robots":{"index":"index","follow":"follow","max-snippet":"max-snippet:-1","max-image-preview":"max-image-preview:large","max-video-preview":"max-video-preview:-1"},"canonical":"https:\/\/vinibalestrivalda.com\/it\/vini\/lunalonga\/","og_locale":"it_IT","og_type":"article","og_title":"Lunalonga - Vini Balestri Valda, Soave","og_description":"[vc_row css_animation=&#8221;&#8221; row_type=&#8221;row&#8221; use_row_as_full_screen_section=&#8221;no&#8221; type=&#8221;full_width&#8221; angled_section=&#8221;no&#8221; text_align=&#8221;left&#8221; background_image_as_pattern=&#8221;without_pattern&#8221; full_width=&#8221;stretch_row&#8221; css=&#8221;.vc_custom_1544697217418{padding-top: 150px !important;padding-bottom: 0px !important;background-position: 0 0 !important;background-repeat: no-repeat !important;}&#8221; el_class=&#8221;gg-force-background-bottom&#8221;][vc_column width=&#8221;1\/2&#8243;][vc_single_image image=&#8221;1812&#8243; img_size=&#8221;full&#8221; qode_css_animation=&#8221;&#8221;][\/vc_column][vc_column width=&#8221;1\/2&#8243;][vc_column_text el_class=&#8221;titolo-piccolo&#8221; css=&#8221;.vc_custom_1544630501631{margin-bottom: 0px !important;}&#8221;] Lunalonga [\/vc_column_text][vc_empty_space height=&#8221;30px&#8221;][vc_column_text]Aspettare seguendo i cicli lunari, per godere, infine, finezza ed equilibrio senza pari. &nbsp;...","og_url":"https:\/\/vinibalestrivalda.com\/it\/vini\/lunalonga\/","og_site_name":"Vini Balestri Valda, Soave","article_modified_time":"2019-01-09T08:46:56+00:00","twitter_card":"summary_large_image","twitter_misc":{"Tempo di lettura stimato":"4 minuti"},"schema":{"@context":"https:\/\/schema.org","@graph":[{"@type":"WebPage","@id":"https:\/\/vinibalestrivalda.com\/it\/vini\/lunalonga\/","url":"https:\/\/vinibalestrivalda.com\/it\/vini\/lunalonga\/","name":"Lunalonga - Vini Balestri Valda, Soave","isPartOf":{"@id":"https:\/\/vinibalestrivalda.com\/it\/#website"},"datePublished":"2018-11-29T16:38:57+00:00","dateModified":"2019-01-09T08:46:56+00:00","breadcrumb":{"@id":"https:\/\/vinibalestrivalda.com\/it\/vini\/lunalonga\/#breadcrumb"},"inLanguage":"it-IT","potentialAction":[{"@type":"ReadAction","target":["https:\/\/vinibalestrivalda.com\/it\/vini\/lunalonga\/"]}]},{"@type":"BreadcrumbList","@id":"https:\/\/vinibalestrivalda.com\/it\/vini\/lunalonga\/#breadcrumb","itemListElement":[{"@type":"ListItem","position":1,"name":"Home","item":"https:\/\/vinibalestrivalda.com\/it\/"},{"@type":"ListItem","position":2,"name":"Vini","item":"https:\/\/vinibalestrivalda.com\/it\/vini\/"},{"@type":"ListItem","position":3,"name":"Lunalonga"}]},{"@type":"WebSite","@id":"https:\/\/vinibalestrivalda.com\/it\/#website","url":"https:\/\/vinibalestrivalda.com\/it\/","name":"Vini Balestri Valda, Soave","description":"","potentialAction":[{"@type":"SearchAction","target":{"@type":"EntryPoint","urlTemplate":"https:\/\/vinibalestrivalda.com\/it\/?s={search_term_string}"},"query-input":{"@type":"PropertyValueSpecification","valueRequired":true,"valueName":"search_term_string"}}],"inLanguage":"it-IT"}]}},"_links":{"self":[{"href":"https:\/\/vinibalestrivalda.com\/it\/wp-json\/wp\/v2\/pages\/1522","targetHints":{"allow":["GET"]}}],"collection":[{"href":"https:\/\/vinibalestrivalda.com\/it\/wp-json\/wp\/v2\/pages"}],"about":[{"href":"https:\/\/vinibalestrivalda.com\/it\/wp-json\/wp\/v2\/types\/page"}],"author":[{"embeddable":true,"href":"https:\/\/vinibalestrivalda.com\/it\/wp-json\/wp\/v2\/users\/2"}],"replies":[{"embeddable":true,"href":"https:\/\/vinibalestrivalda.com\/it\/wp-json\/wp\/v2\/comments?post=1522"}],"version-history":[{"count":2,"href":"https:\/\/vinibalestrivalda.com\/it\/wp-json\/wp\/v2\/pages\/1522\/revisions"}],"predecessor-version":[{"id":1965,"href":"https:\/\/vinibalestrivalda.com\/it\/wp-json\/wp\/v2\/pages\/1522\/revisions\/1965"}],"up":[{"embeddable":true,"href":"https:\/\/vinibalestrivalda.com\/it\/wp-json\/wp\/v2\/pages\/2393"}],"wp:attachment":[{"href":"https:\/\/vinibalestrivalda.com\/it\/wp-json\/wp\/v2\/media?parent=1522"}],"curies":[{"name":"wp","href":"https:\/\/api.w.org\/{rel}","templated":true}]}}